{"id":8444,"date":"2025-07-31T15:32:08","date_gmt":"2025-07-31T15:32:08","guid":{"rendered":"https:\/\/mariposastour.com\/privacy-policy\/"},"modified":"2025-10-28T13:08:49","modified_gmt":"2025-10-28T13:08:49","slug":"privacy-policy","status":"publish","type":"page","link":"https:\/\/mariposastour.com\/es\/privacy-policy\/","title":{"rendered":"Pol\u00edtica de Privacidad"},"content":{"rendered":"\n<h2 class=\"wp-block-heading\">Quienes somos<\/h2>\n\n\n\n<p>La direcci\u00f3n de nuestra web es: https:\/\/mariposastour.com.<\/p>\n\n\n\n<p><strong><em>Nuestra empresa es una agencia de viajes del Grupo A y miembro de T\u00dcRSAB (Asociaci\u00f3n de Agencias de Viajes Turcas).<\/em><\/strong><\/p>\n\n\n\n<p>T\u00edtulo: Agencia de viajes Lepidoptera Journeys<br>Direcci\u00f3n: Maltepe Mah. Tayyareci Sami Sk. Bloque C. No:1\/1C\/4 Zeytinburnu \/ Estambul<br>N\u00famero de documento: 17870<br>Propietario: Mariposas Tour Turizm Ltd. \u015eti.<\/p>\n\n\n\n<h2 class=\"wp-block-heading\">Commentarios<\/h2>\n\n\n\n<p>Cuando los visitantes dejan comentarios en el sitio, recopilamos los datos que se muestran en el formulario de comentarios, as\u00ed como la direcci\u00f3n IP del visitante y la cadena de agente de usuario del navegador para facilitar la detecci\u00f3n de spam.<\/p>\n\n\n\n<p>Es posible que se proporcione al servicio Gravatar una cadena an\u00f3nima (tambi\u00e9n llamada hash) creada a partir de su direcci\u00f3n de correo electr\u00f3nico para verificar si la est\u00e1 utilizando. La pol\u00edtica de privacidad del servicio Gravatar est\u00e1 disponible aqu\u00ed: https:\/\/automattic.com\/privacy\/. Tras la aprobaci\u00f3n de su comentario, su foto de perfil ser\u00e1 visible p\u00fablicamente en el contexto del mismo.<\/p>\n\n\n\n<h2 class=\"wp-block-heading\">Medios de Momunicaci\u00f3n<\/h2>\n\n\n\n<p>Si sube im\u00e1genes al sitio web, evite subir im\u00e1genes con datos de ubicaci\u00f3n (GPS EXIF). Los visitantes del sitio web pueden descargar y extraer cualquier dato de ubicaci\u00f3n de las im\u00e1genes.<\/p>\n\n\n\n<h2 class=\"wp-block-heading\">Galletas<\/h2>\n\n\n\n<p>Si deja un comentario en nuestro sitio, puede optar por guardar su nombre, direcci\u00f3n de correo electr\u00f3nico y sitio web en cookies. Esto es para su comodidad, para que no tenga que volver a introducir sus datos al dejar otro comentario. Estas cookies tienen una duraci\u00f3n de un a\u00f1o.<\/p>\n\n\n\n<p>Si visita nuestra p\u00e1gina de inicio de sesi\u00f3n, instalaremos una cookie temporal para determinar si su navegador acepta cookies. Esta cookie no contiene datos personales y se elimina al cerrar el navegador.<\/p>\n\n\n\n<p>Al iniciar sesi\u00f3n, tambi\u00e9n instalaremos varias cookies para guardar su informaci\u00f3n de inicio de sesi\u00f3n y sus opciones de visualizaci\u00f3n de pantalla. Las cookies de inicio de sesi\u00f3n duran dos d\u00edas y las de opciones de pantalla, un a\u00f1o. Si selecciona \u00abRecordarme\u00bb, su inicio de sesi\u00f3n se conservar\u00e1 durante dos semanas. Si cierra sesi\u00f3n, las cookies de inicio de sesi\u00f3n se eliminar\u00e1n.<\/p>\n\n\n\n<p>Si edita o publica un art\u00edculo, se guardar\u00e1 una cookie adicional en su navegador. Esta cookie no contiene datos personales y simplemente indica el ID de la publicaci\u00f3n del art\u00edculo que acaba de editar. Caduca al d\u00eda siguiente.<\/p>\n\n\n\n<h2 class=\"wp-block-heading\">Contenido incrustado de otros sitios web<\/h2>\n\n\n\n<p>Los art\u00edculos de este sitio pueden incluir contenido incrustado (p. ej., v\u00eddeos, im\u00e1genes, art\u00edculos, etc.). El contenido incrustado de otros sitios web se comporta exactamente igual que si el visitante hubiera visitado el otro sitio web.<\/p>\n\n\n\n<p>Estos sitios web pueden recopilar datos sobre usted, utilizar cookies, incrustar seguimiento adicional de terceros y supervisar su interacci\u00f3n con dicho contenido incrustado, incluyendo el seguimiento de su interacci\u00f3n con dicho contenido si tiene una cuenta y ha iniciado sesi\u00f3n en ese sitio web.<\/p>\n\n\n\n<h2 class=\"wp-block-heading\">Con qui\u00e9n compartimos tus datos<\/h2>\n\n\n\n<p>Si solicita un restablecimiento de contrase\u00f1a, su direcci\u00f3n IP se incluir\u00e1 en el correo electr\u00f3nico de restablecimiento.<\/p>\n\n\n\n<h2 class=\"wp-block-heading\">Cu\u00e1nto tiempo conservamos sus datos<\/h2>\n\n\n\n<p>Si dejas un comentario, este y sus metadatos se conservan indefinidamente. Esto nos permite reconocer y aprobar autom\u00e1ticamente cualquier comentario posterior, en lugar de mantenerlo en cola de moderaci\u00f3n.<\/p>\n\n\n\n<p>De los usuarios que se registran en nuestro sitio web (si los hay), tambi\u00e9n almacenamos la informaci\u00f3n personal que proporcionan en su perfil de usuario. Todos los usuarios pueden ver, editar o eliminar su informaci\u00f3n personal en cualquier momento (excepto que no pueden cambiar su nombre de usuario). Los administradores del sitio web tambi\u00e9n pueden ver y editar dicha informaci\u00f3n.<\/p>\n\n\n\n<h2 class=\"wp-block-heading\">Qu\u00e9 derechos tienes sobre tus datos<\/h2>\n\n\n\n<p>Si tiene una cuenta en este sitio o ha dejado comentarios, puede solicitar un archivo exportado de los datos personales que tenemos sobre usted, incluyendo cualquier dato que nos haya proporcionado. Tambi\u00e9n puede solicitar que eliminemos cualquier dato personal que tengamos sobre usted. Esto no incluye los datos que estemos obligados a conservar con fines administrativos, legales o de seguridad.<\/p>\n\n\n\n<h2 class=\"wp-block-heading\">D\u00f3nde se env\u00edan sus datos<\/h2>\n\n\n\n<p>Los comentarios de los visitantes pueden revisarse a trav\u00e9s de un servicio de detecci\u00f3n autom\u00e1tica de spam.<\/p>\n","protected":false},"excerpt":{"rendered":"<p>Quienes somos La direcci\u00f3n de nuestra web es: https:\/\/mariposastour.com. Nuestra empresa es una agencia de viajes del Grupo A y miembro de T\u00dcRSAB (Asociaci\u00f3n de Agencias de Viajes Turcas). T\u00edtulo: Agencia de viajes Lepidoptera JourneysDirecci\u00f3n: Maltepe Mah. Tayyareci Sami Sk. Bloque C. No:1\/1C\/4 Zeytinburnu \/ EstambulN\u00famero de documento: 17870Propietario: Mariposas Tour Turizm Ltd. \u015eti. Commentarios [&hellip;]<\/p>\n","protected":false},"author":1,"featured_media":0,"parent":0,"menu_order":0,"comment_status":"closed","ping_status":"closed","template":"","meta":{"footnotes":""},"class_list":["post-8444","page","type-page","status-publish","hentry"],"yoast_head":"<!-- This site is optimized with the Yoast SEO plugin v26.2 - https:\/\/yoast.com\/wordpress\/plugins\/seo\/ -->\n<title>Pol\u00edtica de Privacidad - Mariposas Tour<\/title>\n<meta name=\"robots\" content=\"index, follow, max-snippet:-1, max-image-preview:large, max-video-preview:-1\" \/>\n<link rel=\"canonical\" href=\"https:\/\/mariposastour.com\/es\/privacy-policy\/\" \/>\n<meta property=\"og:locale\" content=\"es_ES\" \/>\n<meta property=\"og:type\" content=\"article\" \/>\n<meta property=\"og:title\" content=\"Pol\u00edtica de Privacidad - Mariposas Tour\" \/>\n<meta property=\"og:description\" content=\"Quienes somos La direcci\u00f3n de nuestra web es: https:\/\/mariposastour.com. Nuestra empresa es una agencia de viajes del Grupo A y miembro de T\u00dcRSAB (Asociaci\u00f3n de Agencias de Viajes Turcas). T\u00edtulo: Agencia de viajes Lepidoptera JourneysDirecci\u00f3n: Maltepe Mah. Tayyareci Sami Sk. Bloque C. No:1\/1C\/4 Zeytinburnu \/ EstambulN\u00famero de documento: 17870Propietario: Mariposas Tour Turizm Ltd. \u015eti. Commentarios [&hellip;]\" \/>\n<meta property=\"og:url\" content=\"https:\/\/mariposastour.com\/es\/privacy-policy\/\" \/>\n<meta property=\"og:site_name\" content=\"Mariposas Tour\" \/>\n<meta property=\"article:modified_time\" content=\"2025-10-28T13:08:49+00:00\" \/>\n<meta name=\"twitter:card\" content=\"summary_large_image\" \/>\n<meta name=\"twitter:label1\" content=\"Tiempo de lectura\" \/>\n\t<meta name=\"twitter:data1\" content=\"3 minutos\" \/>\n<script type=\"application\/ld+json\" class=\"yoast-schema-graph\">{\"@context\":\"https:\/\/schema.org\",\"@graph\":[{\"@type\":\"WebPage\",\"@id\":\"https:\/\/mariposastour.com\/es\/privacy-policy\/\",\"url\":\"https:\/\/mariposastour.com\/es\/privacy-policy\/\",\"name\":\"Pol\u00edtica de Privacidad - Mariposas Tour\",\"isPartOf\":{\"@id\":\"https:\/\/mariposastour.com\/es\/#website\"},\"datePublished\":\"2025-07-31T15:32:08+00:00\",\"dateModified\":\"2025-10-28T13:08:49+00:00\",\"breadcrumb\":{\"@id\":\"https:\/\/mariposastour.com\/es\/privacy-policy\/#breadcrumb\"},\"inLanguage\":\"es\",\"potentialAction\":[{\"@type\":\"ReadAction\",\"target\":[\"https:\/\/mariposastour.com\/es\/privacy-policy\/\"]}]},{\"@type\":\"BreadcrumbList\",\"@id\":\"https:\/\/mariposastour.com\/es\/privacy-policy\/#breadcrumb\",\"itemListElement\":[{\"@type\":\"ListItem\",\"position\":1,\"name\":\"Home\",\"item\":\"https:\/\/mariposastour.com\/es\/\"},{\"@type\":\"ListItem\",\"position\":2,\"name\":\"Pol\u00edtica de Privacidad\"}]},{\"@type\":\"WebSite\",\"@id\":\"https:\/\/mariposastour.com\/es\/#website\",\"url\":\"https:\/\/mariposastour.com\/es\/\",\"name\":\"Mariposas Tour\",\"description\":\"Lets Colors the Memories\",\"potentialAction\":[{\"@type\":\"SearchAction\",\"target\":{\"@type\":\"EntryPoint\",\"urlTemplate\":\"https:\/\/mariposastour.com\/es\/?s={search_term_string}\"},\"query-input\":{\"@type\":\"PropertyValueSpecification\",\"valueRequired\":true,\"valueName\":\"search_term_string\"}}],\"inLanguage\":\"es\"}]}<\/script>\n<!-- \/ Yoast SEO plugin. -->","yoast_head_json":{"title":"Pol\u00edtica de Privacidad - Mariposas Tour","robots":{"index":"index","follow":"follow","max-snippet":"max-snippet:-1","max-image-preview":"max-image-preview:large","max-video-preview":"max-video-preview:-1"},"canonical":"https:\/\/mariposastour.com\/es\/privacy-policy\/","og_locale":"es_ES","og_type":"article","og_title":"Pol\u00edtica de Privacidad - Mariposas Tour","og_description":"Quienes somos La direcci\u00f3n de nuestra web es: https:\/\/mariposastour.com. Nuestra empresa es una agencia de viajes del Grupo A y miembro de T\u00dcRSAB (Asociaci\u00f3n de Agencias de Viajes Turcas). T\u00edtulo: Agencia de viajes Lepidoptera JourneysDirecci\u00f3n: Maltepe Mah. Tayyareci Sami Sk. Bloque C. No:1\/1C\/4 Zeytinburnu \/ EstambulN\u00famero de documento: 17870Propietario: Mariposas Tour Turizm Ltd. \u015eti. Commentarios [&hellip;]","og_url":"https:\/\/mariposastour.com\/es\/privacy-policy\/","og_site_name":"Mariposas Tour","article_modified_time":"2025-10-28T13:08:49+00:00","twitter_card":"summary_large_image","twitter_misc":{"Tiempo de lectura":"3 minutos"},"schema":{"@context":"https:\/\/schema.org","@graph":[{"@type":"WebPage","@id":"https:\/\/mariposastour.com\/es\/privacy-policy\/","url":"https:\/\/mariposastour.com\/es\/privacy-policy\/","name":"Pol\u00edtica de Privacidad - Mariposas Tour","isPartOf":{"@id":"https:\/\/mariposastour.com\/es\/#website"},"datePublished":"2025-07-31T15:32:08+00:00","dateModified":"2025-10-28T13:08:49+00:00","breadcrumb":{"@id":"https:\/\/mariposastour.com\/es\/privacy-policy\/#breadcrumb"},"inLanguage":"es","potentialAction":[{"@type":"ReadAction","target":["https:\/\/mariposastour.com\/es\/privacy-policy\/"]}]},{"@type":"BreadcrumbList","@id":"https:\/\/mariposastour.com\/es\/privacy-policy\/#breadcrumb","itemListElement":[{"@type":"ListItem","position":1,"name":"Home","item":"https:\/\/mariposastour.com\/es\/"},{"@type":"ListItem","position":2,"name":"Pol\u00edtica de Privacidad"}]},{"@type":"WebSite","@id":"https:\/\/mariposastour.com\/es\/#website","url":"https:\/\/mariposastour.com\/es\/","name":"Mariposas Tour","description":"Lets Colors the Memories","potentialAction":[{"@type":"SearchAction","target":{"@type":"EntryPoint","urlTemplate":"https:\/\/mariposastour.com\/es\/?s={search_term_string}"},"query-input":{"@type":"PropertyValueSpecification","valueRequired":true,"valueName":"search_term_string"}}],"inLanguage":"es"}]}},"_links":{"self":[{"href":"https:\/\/mariposastour.com\/es\/wp-json\/wp\/v2\/pages\/8444","targetHints":{"allow":["GET"]}}],"collection":[{"href":"https:\/\/mariposastour.com\/es\/wp-json\/wp\/v2\/pages"}],"about":[{"href":"https:\/\/mariposastour.com\/es\/wp-json\/wp\/v2\/types\/page"}],"author":[{"embeddable":true,"href":"https:\/\/mariposastour.com\/es\/wp-json\/wp\/v2\/users\/1"}],"replies":[{"embeddable":true,"href":"https:\/\/mariposastour.com\/es\/wp-json\/wp\/v2\/comments?post=8444"}],"version-history":[{"count":2,"href":"https:\/\/mariposastour.com\/es\/wp-json\/wp\/v2\/pages\/8444\/revisions"}],"predecessor-version":[{"id":8448,"href":"https:\/\/mariposastour.com\/es\/wp-json\/wp\/v2\/pages\/8444\/revisions\/8448"}],"wp:attachment":[{"href":"https:\/\/mariposastour.com\/es\/wp-json\/wp\/v2\/media?parent=8444"}],"curies":[{"name":"wp","href":"https:\/\/api.w.org\/{rel}","templated":true}]}}