{"id":8436,"date":"2024-04-17T05:10:28","date_gmt":"2024-04-17T05:10:28","guid":{"rendered":"https:\/\/mariposastour.com\/contacto\/"},"modified":"2025-10-28T13:12:43","modified_gmt":"2025-10-28T13:12:43","slug":"contacto","status":"publish","type":"page","link":"https:\/\/mariposastour.com\/es\/contacto\/","title":{"rendered":"Contacto"},"content":{"rendered":"\t\t<div data-elementor-type=\"wp-page\" data-elementor-id=\"8436\" class=\"elementor elementor-8436 elementor-983\" data-elementor-post-type=\"page\">\n\t\t\t\t\t\t<section data-particle_enable=\"false\" data-particle-mobile-disabled=\"false\" class=\"elementor-section elementor-top-section elementor-element elementor-element-1161b00 elementor-section-boxed elementor-section-height-default elementor-section-height-default\" data-id=\"1161b00\" data-element_type=\"section\">\n\t\t\t\t\t\t<div class=\"elementor-container elementor-column-gap-default\">\n\t\t\t\t\t<div class=\"elementor-column elementor-col-50 elementor-top-column elementor-element elementor-element-ab139a3\" data-id=\"ab139a3\" data-element_type=\"column\">\n\t\t\t<div class=\"elementor-widget-wrap elementor-element-populated\">\n\t\t\t\t\t\t<div class=\"elementor-element elementor-element-79df5e7 elementor-widget elementor-widget-heading\" data-id=\"79df5e7\" data-element_type=\"widget\" data-widget_type=\"heading.default\">\n\t\t\t\t<div class=\"elementor-widget-container\">\n\t\t\t\t\t<h2 class=\"elementor-heading-title elementor-size-default\">P\u00f3ngase en contacto con nuestro encantador equipo<\/h2>\t\t\t\t<\/div>\n\t\t\t\t<\/div>\n\t\t\t\t<div class=\"elementor-element elementor-element-342178a elementor-widget elementor-widget-go-contact-info\" data-id=\"342178a\" data-element_type=\"widget\" data-widget_type=\"go-contact-info.default\">\n\t\t\t\t<div class=\"elementor-widget-container\">\n\t\t\t\t\t<div class=\"gt-contact-page-info-list\" data-background=\"https:\/\/mariposastour.com\/wp-content\/uploads\/2024\/05\/contact-bg.webp\">\n            <div class=\"gt-contact-info-item d-flex flex-wrap\">\n            <div class=\"inner-icon d-flex align-items-center justify-content-center\">\n                <i aria-hidden=\"true\" class=\"fas fa-map-marker-alt\"><\/i>            <\/div>\n            <div class=\"inner-text headline pera-content\">\n                <h3>Direcci\u00f3n de la Oficina<\/h3>\n                <p>Seyitnizam Neighborhood, Demirciler Site, 10th Road, Aydas Business Center A Block No: 9 D: 12 Zeytinburdu \/ Istanbul \/ TURKEY<\/p>\n            <\/div>\n        <\/div>\n           <div class=\"gt-contact-info-item d-flex flex-wrap\">\n            <div class=\"inner-icon d-flex align-items-center justify-content-center\">\n                <i aria-hidden=\"true\" class=\"fas fa-phone\"><\/i>            <\/div>\n            <div class=\"inner-text headline pera-content\">\n                <h3>N\u00famero de Tel\u00e9fono<\/h3>\n                <p><a href=\"tel:+905447754499\">+90 544 775 44 99<\/a><\/p>\n            <\/div>\n        <\/div>\n           <div class=\"gt-contact-info-item d-flex flex-wrap\">\n            <div class=\"inner-icon d-flex align-items-center justify-content-center\">\n                <i aria-hidden=\"true\" class=\"far fa-envelope-open\"><\/i>            <\/div>\n            <div class=\"inner-text headline pera-content\">\n                <h3>Direcci\u00f3n de Envio<\/h3>\n                <p><a href=\"mailto:in**@***********ur.com\" data-original-string=\"msAPw1q42AwJ1x4edSdqgQ==a1d+BFti3ebvBO03fJvHQpmjjMdvx\/Nfc3J\/ldsz8JkicE=\" title=\"Este contacto ha sido codificado por Anti-Spam by CleanTalk. Haz clic para decodificar. Para finalizar la decodificaci\u00f3n, aseg\u00farate de que JavaScript est\u00e1 activado en tu navegador.\"><span \n                data-original-string='cM7HZqg2kWh9Y4+GsClw6g==a1dPZPK2UpBXNZHbiBDPG5zA2m8T9FaelzDClMk5zE9Ewg='\n                class='apbct-email-encoder'\n                title='Este contacto ha sido codificado por Anti-Spam by CleanTalk. Haz clic para decodificar. Para finalizar la decodificaci\u00f3n, aseg\u00farate de que JavaScript est\u00e1 activado en tu navegador.'>in<span class=\"apbct-blur\">**<\/span>@<span class=\"apbct-blur\">***********<\/span>ur.com<\/span><\/a><\/p>\n            <\/div>\n        <\/div>\n   <\/div>\t\t\t\t<\/div>\n\t\t\t\t<\/div>\n\t\t\t\t\t<\/div>\n\t\t<\/div>\n\t\t\t\t<div class=\"elementor-column elementor-col-50 elementor-top-column elementor-element elementor-element-5e562ae\" data-id=\"5e562ae\" data-element_type=\"column\">\n\t\t\t<div class=\"elementor-widget-wrap elementor-element-populated\">\n\t\t\t\t\t\t<div class=\"elementor-element elementor-element-9ff97a6 elementor-widget elementor-widget-shortcode\" data-id=\"9ff97a6\" data-element_type=\"widget\" data-widget_type=\"shortcode.default\">\n\t\t\t\t<div class=\"elementor-widget-container\">\n\t\t\t\t\t\t\t<div class=\"elementor-shortcode\">\n<div class=\"wpcf7 no-js\" id=\"wpcf7-f1947-o1\" lang=\"en-US\" dir=\"ltr\" data-wpcf7-id=\"1947\">\n<div class=\"screen-reader-response\"><p role=\"status\" aria-live=\"polite\" aria-atomic=\"true\"><\/p> <ul><\/ul><\/div>\n<form action=\"\/es\/wp-json\/wp\/v2\/pages\/8436#wpcf7-f1947-o1\" method=\"post\" class=\"wpcf7-form init\" aria-label=\"Contact form\" novalidate=\"novalidate\" data-status=\"init\">\n<fieldset class=\"hidden-fields-container\"><input type=\"hidden\" name=\"_wpcf7\" value=\"1947\" \/><input type=\"hidden\" name=\"_wpcf7_version\" value=\"6.1.3\" \/><input type=\"hidden\" name=\"_wpcf7_locale\" value=\"en_US\" \/><input type=\"hidden\" name=\"_wpcf7_unit_tag\" value=\"wpcf7-f1947-o1\" \/><input type=\"hidden\" name=\"_wpcf7_container_post\" value=\"0\" \/><input type=\"hidden\" name=\"_wpcf7_posted_data_hash\" value=\"\" \/><input type=\"hidden\" name=\"_wpcf7_recaptcha_response\" value=\"\" \/>\n<\/fieldset>\n<div class=\"gt-contact-page-form\">\n\t<input size=\"40\" maxlength=\"400\" class=\"wpcf7-form-control wpcf7-text wpcf7-validates-as-required\" aria-required=\"true\" aria-invalid=\"false\" placeholder=\"Full name\" value=\"\" type=\"text\" name=\"your-name\" \/>\n\t<input size=\"40\" maxlength=\"400\" class=\"wpcf7-form-control wpcf7-email wpcf7-validates-as-required wpcf7-text wpcf7-validates-as-email\" aria-required=\"true\" aria-invalid=\"false\" placeholder=\"Email address\" value=\"\" type=\"email\" name=\"your-email\" \/>\n\t<input size=\"40\" maxlength=\"400\" class=\"wpcf7-form-control wpcf7-text wpcf7-validates-as-required\" aria-required=\"true\" aria-invalid=\"false\" placeholder=\"Phone Number\" value=\"\" type=\"text\" name=\"your-phone\" \/>\n\t<input size=\"40\" maxlength=\"400\" class=\"wpcf7-form-control wpcf7-text wpcf7-validates-as-required\" aria-required=\"true\" aria-invalid=\"false\" placeholder=\"Subject\" value=\"\" type=\"text\" name=\"your-subject\" \/>\n\t<textarea cols=\"40\" rows=\"10\" maxlength=\"2000\" class=\"wpcf7-form-control wpcf7-textarea\" aria-invalid=\"false\" placeholder=\"Type your message...\" name=\"your-message\"><\/textarea>\n        \n\t<button>Send Message Now<\/button>\n<\/div><input type=\"hidden\" id=\"ct_checkjs_cf7_a3c65c2974270fd093ee8a9bf8ae7d0b\" name=\"ct_checkjs_cf7\" value=\"0\" \/><script >setTimeout(function(){var ct_input_name = \"ct_checkjs_cf7_a3c65c2974270fd093ee8a9bf8ae7d0b\";if (document.getElementById(ct_input_name) !== null) {var ct_input_value = document.getElementById(ct_input_name).value;document.getElementById(ct_input_name).value = document.getElementById(ct_input_name).value.replace(ct_input_value, '81ead5b9c0d6ea14a71026d247e9dcb71e257ef11fbe247a24fa3471cd8ede36');}}, 1000);<\/script><input\n                    class=\"apbct_special_field apbct_email_id__wp_contact_form_7\"\n                    name=\"apbct__email_id__wp_contact_form_7\"\n                    aria-label=\"Contact form\"\n                    type=\"text\" size=\"30\" maxlength=\"200\" autocomplete=\"off\"\n                    value=\"\"\n                \/><p style=\"display: none !important;\" class=\"akismet-fields-container\" data-prefix=\"_wpcf7_ak_\"><label>&#916;<textarea name=\"_wpcf7_ak_hp_textarea\" cols=\"45\" rows=\"8\" maxlength=\"100\"><\/textarea><\/label><input type=\"hidden\" id=\"ak_js_1\" name=\"_wpcf7_ak_js\" value=\"35\"\/><script>document.getElementById( \"ak_js_1\" ).setAttribute( \"value\", ( new Date() ).getTime() );<\/script><\/p><div class=\"wpcf7-response-output\" aria-hidden=\"true\"><\/div>\n<\/form>\n<\/div>\n<\/div>\n\t\t\t\t\t\t<\/div>\n\t\t\t\t<\/div>\n\t\t\t\t\t<\/div>\n\t\t<\/div>\n\t\t\t\t\t<\/div>\n\t\t<\/section>\n\t\t\t\t<section data-particle_enable=\"false\" data-particle-mobile-disabled=\"false\" class=\"elementor-section elementor-top-section elementor-element elementor-element-112415e elementor-section-boxed elementor-section-height-default elementor-section-height-default\" data-id=\"112415e\" data-element_type=\"section\">\n\t\t\t\t\t\t<div class=\"elementor-container elementor-column-gap-default\">\n\t\t\t\t\t<div class=\"elementor-column elementor-col-100 elementor-top-column elementor-element elementor-element-ec7d216\" data-id=\"ec7d216\" data-element_type=\"column\">\n\t\t\t<div class=\"elementor-widget-wrap elementor-element-populated\">\n\t\t\t\t\t\t<div class=\"elementor-element elementor-element-c6b4313 elementor-widget elementor-widget-go-social\" data-id=\"c6b4313\" data-element_type=\"widget\" data-widget_type=\"go-social.default\">\n\t\t\t\t<div class=\"elementor-widget-container\">\n\t\t\t\t\t<div class=\"gt-contact-page-social mt-45 d-flex justify-content-between\">\n\n            <a href=\"https:\/\/www.facebook.com\/mariposastours\"><i aria-hidden=\"true\" class=\"fab fa-facebook-f\"><\/i><\/a>\n            <a href=\"https:\/\/www.instagram.com\/mariposastour\"><i aria-hidden=\"true\" class=\"fab fa-instagram\"><\/i><\/a>\n            <a href=\"https:\/\/www.youtube.com\/channel\/UCXJoY_O7veAXvjPZhjXeyBA\"><i aria-hidden=\"true\" class=\"fab fa-youtube\"><\/i><\/a>\n            <a href=\"https:\/\/www.google.com\/search?sca_esv=3ee704457ab872fb&#038;tbm=lcl&#038;q=Mariposas+Tour+Yorumlar&#038;rflfq=1&#038;num=20&#038;stick=H4sIAAAAAAAAAONgkxIxtDAwNjK2NDI1MjA2sDA2sTA0NtjAyPiKUdw3sSizIL84sVghJL-0SCEyv6g0NyexaBErLhkAGYXw9U8AAAA&#038;rldimm=18032392520308348130&#038;hl=tr-TR&#038;sa=X&#038;ved=2ahUKEwiozNbihvKOAxViR_EDHWl5JdIQ9fQKegQIMBAF#lkt=LocalPoiReviews\"><i aria-hidden=\"true\" class=\"fab fa-google\"><\/i><\/a>\n    \n<\/div>\t\t\t\t<\/div>\n\t\t\t\t<\/div>\n\t\t\t\t\t<\/div>\n\t\t<\/div>\n\t\t\t\t\t<\/div>\n\t\t<\/section>\n\t\t\t\t<section data-particle_enable=\"false\" data-particle-mobile-disabled=\"false\" class=\"elementor-section elementor-top-section elementor-element elementor-element-fa9c7d2 elementor-section-full_width elementor-section-height-default elementor-section-height-default\" data-id=\"fa9c7d2\" data-element_type=\"section\">\n\t\t\t\t\t\t<div class=\"elementor-container elementor-column-gap-no\">\n\t\t\t\t\t<div class=\"elementor-column elementor-col-100 elementor-top-column elementor-element elementor-element-718f0a5\" data-id=\"718f0a5\" data-element_type=\"column\">\n\t\t\t<div class=\"elementor-widget-wrap elementor-element-populated\">\n\t\t\t\t\t\t<div class=\"elementor-element elementor-element-b26b798 elementor-widget elementor-widget-google_maps\" data-id=\"b26b798\" data-element_type=\"widget\" data-widget_type=\"google_maps.default\">\n\t\t\t\t<div class=\"elementor-widget-container\">\n\t\t\t\t\t\t\t<div class=\"elementor-custom-embed\">\n\t\t\t<iframe loading=\"lazy\"\n\t\t\t\t\tsrc=\"https:\/\/maps.google.com\/maps?q=Mariposas%20Tour&#038;t=m&#038;z=16&#038;output=embed&#038;iwloc=near\"\n\t\t\t\t\ttitle=\"Mariposas Tour\"\n\t\t\t\t\taria-label=\"Contact form\"\n\t\t\t><\/iframe>\n\t\t<\/div>\n\t\t\t\t\t\t<\/div>\n\t\t\t\t<\/div>\n\t\t\t\t\t<\/div>\n\t\t<\/div>\n\t\t\t\t\t<\/div>\n\t\t<\/section>\n\t\t\t\t<\/div>\n\t\t","protected":false},"excerpt":{"rendered":"<p>P\u00f3ngase en contacto con nuestro encantador equipo Direcci\u00f3n de la Oficina Seyitnizam Neighborhood, Demirciler Site, 10th Road, Aydas Business Center A Block No: 9 D: 12 Zeytinburdu \/ Istanbul \/ TURKEY N\u00famero de Tel\u00e9fono +90 544 775 44 99 Direcci\u00f3n de Envio in**@***********ur.com<\/p>\n","protected":false},"author":1,"featured_media":0,"parent":0,"menu_order":0,"comment_status":"closed","ping_status":"closed","template":"elementor_header_footer","meta":{"footnotes":""},"class_list":["post-8436","page","type-page","status-publish","hentry"],"yoast_head":"<!-- This site is optimized with the Yoast SEO plugin v26.2 - https:\/\/yoast.com\/wordpress\/plugins\/seo\/ -->\n<title>Contacto - Mariposas Tour<\/title>\n<meta name=\"robots\" content=\"index, follow, max-snippet:-1, max-image-preview:large, max-video-preview:-1\" \/>\n<link rel=\"canonical\" href=\"https:\/\/mariposastour.com\/es\/contacto\/\" \/>\n<meta property=\"og:locale\" content=\"es_ES\" \/>\n<meta property=\"og:type\" content=\"article\" \/>\n<meta property=\"og:title\" content=\"Contacto - Mariposas Tour\" \/>\n<meta property=\"og:description\" content=\"P\u00f3ngase en contacto con nuestro encantador equipo Direcci\u00f3n de la Oficina Seyitnizam Neighborhood, Demirciler Site, 10th Road, Aydas Business Center A Block No: 9 D: 12 Zeytinburdu \/ Istanbul \/ TURKEY N\u00famero de Tel\u00e9fono +90 544 775 44 99 Direcci\u00f3n de Envio in**@***********ur.com\" \/>\n<meta property=\"og:url\" content=\"https:\/\/mariposastour.com\/es\/contacto\/\" \/>\n<meta property=\"og:site_name\" content=\"Mariposas Tour\" \/>\n<meta property=\"article:modified_time\" content=\"2025-10-28T13:12:43+00:00\" \/>\n<meta name=\"twitter:card\" content=\"summary_large_image\" \/>\n<meta name=\"twitter:label1\" content=\"Tiempo de lectura\" \/>\n\t<meta name=\"twitter:data1\" content=\"1 minuto\" \/>\n<script type=\"application\/ld+json\" class=\"yoast-schema-graph\">{\"@context\":\"https:\/\/schema.org\",\"@graph\":[{\"@type\":\"WebPage\",\"@id\":\"https:\/\/mariposastour.com\/es\/contacto\/\",\"url\":\"https:\/\/mariposastour.com\/es\/contacto\/\",\"name\":\"Contacto - Mariposas Tour\",\"isPartOf\":{\"@id\":\"https:\/\/mariposastour.com\/es\/#website\"},\"datePublished\":\"2024-04-17T05:10:28+00:00\",\"dateModified\":\"2025-10-28T13:12:43+00:00\",\"breadcrumb\":{\"@id\":\"https:\/\/mariposastour.com\/es\/contacto\/#breadcrumb\"},\"inLanguage\":\"es\",\"potentialAction\":[{\"@type\":\"ReadAction\",\"target\":[\"https:\/\/mariposastour.com\/es\/contacto\/\"]}]},{\"@type\":\"BreadcrumbList\",\"@id\":\"https:\/\/mariposastour.com\/es\/contacto\/#breadcrumb\",\"itemListElement\":[{\"@type\":\"ListItem\",\"position\":1,\"name\":\"Home\",\"item\":\"https:\/\/mariposastour.com\/es\/\"},{\"@type\":\"ListItem\",\"position\":2,\"name\":\"Contacto\"}]},{\"@type\":\"WebSite\",\"@id\":\"https:\/\/mariposastour.com\/es\/#website\",\"url\":\"https:\/\/mariposastour.com\/es\/\",\"name\":\"Mariposas Tour\",\"description\":\"Lets Colors the Memories\",\"potentialAction\":[{\"@type\":\"SearchAction\",\"target\":{\"@type\":\"EntryPoint\",\"urlTemplate\":\"https:\/\/mariposastour.com\/es\/?s={search_term_string}\"},\"query-input\":{\"@type\":\"PropertyValueSpecification\",\"valueRequired\":true,\"valueName\":\"search_term_string\"}}],\"inLanguage\":\"es\"}]}<\/script>\n<!-- \/ Yoast SEO plugin. -->","yoast_head_json":{"title":"Contacto - Mariposas Tour","robots":{"index":"index","follow":"follow","max-snippet":"max-snippet:-1","max-image-preview":"max-image-preview:large","max-video-preview":"max-video-preview:-1"},"canonical":"https:\/\/mariposastour.com\/es\/contacto\/","og_locale":"es_ES","og_type":"article","og_title":"Contacto - Mariposas Tour","og_description":"P\u00f3ngase en contacto con nuestro encantador equipo Direcci\u00f3n de la Oficina Seyitnizam Neighborhood, Demirciler Site, 10th Road, Aydas Business Center A Block No: 9 D: 12 Zeytinburdu \/ Istanbul \/ TURKEY N\u00famero de Tel\u00e9fono +90 544 775 44 99 Direcci\u00f3n de Envio in**@***********ur.com","og_url":"https:\/\/mariposastour.com\/es\/contacto\/","og_site_name":"Mariposas Tour","article_modified_time":"2025-10-28T13:12:43+00:00","twitter_card":"summary_large_image","twitter_misc":{"Tiempo de lectura":"1 minuto"},"schema":{"@context":"https:\/\/schema.org","@graph":[{"@type":"WebPage","@id":"https:\/\/mariposastour.com\/es\/contacto\/","url":"https:\/\/mariposastour.com\/es\/contacto\/","name":"Contacto - Mariposas Tour","isPartOf":{"@id":"https:\/\/mariposastour.com\/es\/#website"},"datePublished":"2024-04-17T05:10:28+00:00","dateModified":"2025-10-28T13:12:43+00:00","breadcrumb":{"@id":"https:\/\/mariposastour.com\/es\/contacto\/#breadcrumb"},"inLanguage":"es","potentialAction":[{"@type":"ReadAction","target":["https:\/\/mariposastour.com\/es\/contacto\/"]}]},{"@type":"BreadcrumbList","@id":"https:\/\/mariposastour.com\/es\/contacto\/#breadcrumb","itemListElement":[{"@type":"ListItem","position":1,"name":"Home","item":"https:\/\/mariposastour.com\/es\/"},{"@type":"ListItem","position":2,"name":"Contacto"}]},{"@type":"WebSite","@id":"https:\/\/mariposastour.com\/es\/#website","url":"https:\/\/mariposastour.com\/es\/","name":"Mariposas Tour","description":"Lets Colors the Memories","potentialAction":[{"@type":"SearchAction","target":{"@type":"EntryPoint","urlTemplate":"https:\/\/mariposastour.com\/es\/?s={search_term_string}"},"query-input":{"@type":"PropertyValueSpecification","valueRequired":true,"valueName":"search_term_string"}}],"inLanguage":"es"}]}},"_links":{"self":[{"href":"https:\/\/mariposastour.com\/es\/wp-json\/wp\/v2\/pages\/8436","targetHints":{"allow":["GET"]}}],"collection":[{"href":"https:\/\/mariposastour.com\/es\/wp-json\/wp\/v2\/pages"}],"about":[{"href":"https:\/\/mariposastour.com\/es\/wp-json\/wp\/v2\/types\/page"}],"author":[{"embeddable":true,"href":"https:\/\/mariposastour.com\/es\/wp-json\/wp\/v2\/users\/1"}],"replies":[{"embeddable":true,"href":"https:\/\/mariposastour.com\/es\/wp-json\/wp\/v2\/comments?post=8436"}],"version-history":[{"count":4,"href":"https:\/\/mariposastour.com\/es\/wp-json\/wp\/v2\/pages\/8436\/revisions"}],"predecessor-version":[{"id":8452,"href":"https:\/\/mariposastour.com\/es\/wp-json\/wp\/v2\/pages\/8436\/revisions\/8452"}],"wp:attachment":[{"href":"https:\/\/mariposastour.com\/es\/wp-json\/wp\/v2\/media?parent=8436"}],"curies":[{"name":"wp","href":"https:\/\/api.w.org\/{rel}","templated":true}]}}